{"id":20,"date":"2021-11-11T18:37:48","date_gmt":"2021-11-11T18:37:48","guid":{"rendered":"https:\/\/www.bd10.eu\/?page_id=20"},"modified":"2023-04-18T13:45:03","modified_gmt":"2023-04-18T13:45:03","slug":"planovane-schuze","status":"publish","type":"page","link":"https:\/\/www.bd10.eu\/?page_id=20","title":{"rendered":"Pl\u00e1novan\u00e9 sch\u016fze"},"content":{"rendered":"\n<p><strong>Pozv\u00e1nka na \u010dlenskou sch\u016fzi dru\u017estva<\/strong><\/p>\n\n\n\n<p>V\u00e1\u017een\u00ed soused\u00e9, zveme V\u00e1s na \u010dlenskou sch\u016fzi na\u0161eho bytov\u00e9ho dru\u017estva, kter\u00e1 prob\u011bhne dne 19.4.2023 v 18.00 hod. v pr\u00e1deln\u011b na\u0161eho domu.<\/p>\n\n\n\n<p>Program sch\u016fze:<\/p>\n\n\n\n<ol class=\"wp-block-list\" type=\"1\" start=\"1\">\n<li>Zah\u00e1jen\u00ed \u010dlensk\u00e9 sch\u016fze, schv\u00e1len\u00ed programu, volba skrut\u00e1tora, \u0159\u00edd\u00edc\u00edho sch\u016fze, zapisovatele a ov\u011b\u0159ovatele z\u00e1pisu.<\/li>\n\n\n\n<li>Stru\u010dn\u00e1 prezentace\u00a0p\u0159\u00edpravy\u00a0revitalizace domu v\u00a0navr\u017een\u00e9m rozsahu pro\u00a0<strong>sn\u00ed\u017een\u00ed tepeln\u00fdch ztr\u00e1t ob\u00e1lkou budovy o cca\u00a0<u>60%<\/u><\/strong>a eliminaci v\u0161ech tepeln\u00fdch most\u016f<strong>.\u00a0Prezentace v\u00fdb\u011brov\u00fdch \u0159\u00edzen\u00ed na zhotovitele stavby a \u00fav\u011bruj\u00edc\u00ed banku.\u00a0<\/strong>Vysout\u011b\u017een\u00e1 cena realizace je\u00a0<strong>7,3mio. K\u010d<\/strong>. V\u00fd\u0161e dotace z\u00a0programu NZ\u00da je ve v\u00fd\u0161i\u00a0<strong>1,1mio. K\u010d.<\/strong><br>   <\/li>\n\n\n\n<li>Hlasov\u00e1n\u00ed:<\/li>\n<\/ol>\n\n\n\n<ul class=\"wp-block-list\" type=\"1\" start=\"3\">\n<li><strong>Schv\u00e1len\u00ed\/<\/strong>neschv\u00e1len\u00ed revitalizace<\/li>\n\n\n\n<li>Schv\u00e1len\u00ed zhotovitele stavby \u2013 spole\u010dnost<strong>&nbsp;HOLBORN GROUP s.r.o.<\/strong><\/li>\n\n\n\n<li>Hlasov\u00e1n\u00ed o schv\u00e1len\u00ed \u00fav\u011bru ve v\u00fd\u0161i&nbsp;<strong>8mio.<\/strong>&nbsp;K\u010d u Stavebn\u00ed spo\u0159itelny \u010cesk\u00e9 spo\u0159itelny (Bu\u0159inka)<\/li>\n\n\n\n<li>Schv\u00e1len\u00ed&nbsp;<strong>nav\u00fd\u0161en\u00ed plateb do fondu oprav na 50K\u010d\/m2<\/strong>.<\/li>\n\n\n\n<li>Schv\u00e1len\u00ed pod\u00e1n\u00ed \u017e\u00e1dosti o dotaci z&nbsp;programu Nov\u00e1 zelen\u00e1 \u00faspor\u00e1m u SF\u017dP \u010cR.<\/li>\n\n\n\n<li>Schv\u00e1len\u00ed pov\u011b\u0159en\u00ed spole\u010dnosti Profirevit k\u00a0jedn\u00e1n\u00ed se stavebn\u00edm \u00fa\u0159adem ve v\u011bci stavebn\u00edho povolen\u00ed pro v\u00fd\u0161e uvedenou revitalizaci na\u0161eho domu.<\/li>\n<\/ul>\n\n\n\n<ol class=\"wp-block-list\" type=\"1\" start=\"4\">\n<li>R\u016fzn\u00e9.<\/li>\n\n\n\n<li>Z\u00e1v\u011br.<\/li>\n<\/ol>\n\n\n\n<p><strong>Pozn\u00e1mky:<\/strong><br>Jedn\u00e1n\u00ed se m\u016f\u017ee z\u00fa\u010dastnit jen \u010dlen dru\u017estva, jen\u017e bude m\u00edt u sebe osobn\u00ed doklad nebo plnou moc k\u00a0zastupov\u00e1n\u00ed a hlasov\u00e1n\u00ed.\u00a0<strong>Prezentace bude od 18:30 hodin.<\/strong>\u00a0\u00a0\u00a0<\/p>\n\n\n\n<p>Ji\u0159\u00ed Proch\u00e1zka<\/p>\n\n\n\n<p>Za p\u0159edstavenstvo BD<\/p>\n","protected":false},"excerpt":{"rendered":"<p>Pozv\u00e1nka na \u010dlenskou sch\u016fzi dru\u017estva V\u00e1\u017een\u00ed soused\u00e9, zveme V\u00e1s na \u010dlenskou sch\u016fzi na\u0161eho bytov\u00e9ho dru\u017estva, kter\u00e1 prob\u011bhne dne 19.4.2023 v 18.00 hod. v pr\u00e1deln\u011b na\u0161eho domu. Program sch\u016fze: Pozn\u00e1mky:Jedn\u00e1n\u00ed se m\u016f\u017ee z\u00fa\u010dastnit jen \u010dlen dru\u017estva, jen\u017e bude m\u00edt u sebe osobn\u00ed doklad nebo plnou moc k\u00a0zastupov\u00e1n\u00ed a hlasov\u00e1n\u00ed.\u00a0Prezentace bude od 18:30 hodin.\u00a0\u00a0\u00a0 Ji\u0159\u00ed Proch\u00e1zka Za &#8230; <a title=\"Pl\u00e1novan\u00e9 sch\u016fze\" class=\"read-more\" href=\"https:\/\/www.bd10.eu\/?page_id=20\" aria-label=\"Read more about Pl\u00e1novan\u00e9 sch\u016fze\">\u010c\u00edst d\u00e1l<\/a><\/p>\n","protected":false},"author":1,"featured_media":0,"parent":0,"menu_order":0,"comment_status":"closed","ping_status":"closed","template":"","meta":{"footnotes":""},"class_list":["post-20","page","type-page","status-publish"],"_links":{"self":[{"href":"https:\/\/www.bd10.eu\/index.php?rest_route=\/wp\/v2\/pages\/20","targetHints":{"allow":["GET"]}}],"collection":[{"href":"https:\/\/www.bd10.eu\/index.php?rest_route=\/wp\/v2\/pages"}],"about":[{"href":"https:\/\/www.bd10.eu\/index.php?rest_route=\/wp\/v2\/types\/page"}],"author":[{"embeddable":true,"href":"https:\/\/www.bd10.eu\/index.php?rest_route=\/wp\/v2\/users\/1"}],"replies":[{"embeddable":true,"href":"https:\/\/www.bd10.eu\/index.php?rest_route=%2Fwp%2Fv2%2Fcomments&post=20"}],"version-history":[{"count":10,"href":"https:\/\/www.bd10.eu\/index.php?rest_route=\/wp\/v2\/pages\/20\/revisions"}],"predecessor-version":[{"id":96,"href":"https:\/\/www.bd10.eu\/index.php?rest_route=\/wp\/v2\/pages\/20\/revisions\/96"}],"wp:attachment":[{"href":"https:\/\/www.bd10.eu\/index.php?rest_route=%2Fwp%2Fv2%2Fmedia&parent=20"}],"curies":[{"name":"wp","href":"https:\/\/api.w.org\/{rel}","templated":true}]}}