{"id":2,"date":"2021-11-09T20:58:07","date_gmt":"2021-11-09T20:58:07","guid":{"rendered":"http:\/\/localhost\/wp\/?page_id=2"},"modified":"2021-11-11T19:01:28","modified_gmt":"2021-11-11T19:01:28","slug":"sample-page","status":"publish","type":"page","link":"https:\/\/www.bd10.eu\/","title":{"rendered":"O n\u00e1s"},"content":{"rendered":"\n<p>Tato webov\u00e1 str\u00e1nka slou\u017e\u00ed \u010dlen\u016fm Bytov\u00e9ho dru\u017estva Na dlouh\u00e9m l\u00e1nu 27\/10 jako informa\u010dn\u00ed port\u00e1l.<\/p>\n","protected":false},"excerpt":{"rendered":"<p>Tato webov\u00e1 str\u00e1nka slou\u017e\u00ed \u010dlen\u016fm Bytov\u00e9ho dru\u017estva Na dlouh\u00e9m l\u00e1nu 27\/10 jako informa\u010dn\u00ed port\u00e1l.<\/p>\n","protected":false},"author":1,"featured_media":0,"parent":0,"menu_order":0,"comment_status":"closed","ping_status":"open","template":"","meta":{"footnotes":""},"class_list":["post-2","page","type-page","status-publish"],"_links":{"self":[{"href":"https:\/\/www.bd10.eu\/index.php?rest_route=\/wp\/v2\/pages\/2","targetHints":{"allow":["GET"]}}],"collection":[{"href":"https:\/\/www.bd10.eu\/index.php?rest_route=\/wp\/v2\/pages"}],"about":[{"href":"https:\/\/www.bd10.eu\/index.php?rest_route=\/wp\/v2\/types\/page"}],"author":[{"embeddable":true,"href":"https:\/\/www.bd10.eu\/index.php?rest_route=\/wp\/v2\/users\/1"}],"replies":[{"embeddable":true,"href":"https:\/\/www.bd10.eu\/index.php?rest_route=%2Fwp%2Fv2%2Fcomments&post=2"}],"version-history":[{"count":5,"href":"https:\/\/www.bd10.eu\/index.php?rest_route=\/wp\/v2\/pages\/2\/revisions"}],"predecessor-version":[{"id":43,"href":"https:\/\/www.bd10.eu\/index.php?rest_route=\/wp\/v2\/pages\/2\/revisions\/43"}],"wp:attachment":[{"href":"https:\/\/www.bd10.eu\/index.php?rest_route=%2Fwp%2Fv2%2Fmedia&parent=2"}],"curies":[{"name":"wp","href":"https:\/\/api.w.org\/{rel}","templated":true}]}}