{"id":18,"date":"2021-11-09T21:31:55","date_gmt":"2021-11-09T21:31:55","guid":{"rendered":"http:\/\/www.bd10.eu\/?page_id=18"},"modified":"2021-11-11T18:52:04","modified_gmt":"2021-11-11T18:52:04","slug":"kontakty","status":"publish","type":"page","link":"https:\/\/www.bd10.eu\/?page_id=18","title":{"rendered":"Kontakty"},"content":{"rendered":"\n<h2 class=\"wp-block-heading\">Bytov\u00e9 dru\u017estvo Na dlouh\u00e9m l\u00e1nu 27\/10<\/h2>\n\n\n\n<p><strong>Spisov\u00e1 zna\u010dka:<\/strong> Dr 2437 veden\u00e1 u M\u011bstsk\u00e9ho soudu v Praze<br><strong>S\u00eddlo:<\/strong> Na dlouh\u00e9m l\u00e1nu 27\/10, Vokovice, 160 00 Praha 6<br><br><strong>I\u010cO:<\/strong> 63082632<br><br><a href=\"mailto:info@bd10.eu\" data-type=\"mailto\" data-id=\"mailto:info@bd10.eu\">info@bd10.eu<\/a><br><a href=\"mailto:predseda@bd10.eu\" data-type=\"mailto\" data-id=\"mailto:predseda@bd10.eu\">predseda@bd10.eu<\/a><\/p>\n","protected":false},"excerpt":{"rendered":"<p>Bytov\u00e9 dru\u017estvo Na dlouh\u00e9m l\u00e1nu 27\/10 Spisov\u00e1 zna\u010dka: Dr 2437 veden\u00e1 u M\u011bstsk\u00e9ho soudu v PrazeS\u00eddlo: Na dlouh\u00e9m l\u00e1nu 27\/10, Vokovice, 160 00 Praha 6 I\u010cO: 63082632 info@bd10.eupredseda@bd10.eu<\/p>\n","protected":false},"author":1,"featured_media":0,"parent":0,"menu_order":0,"comment_status":"closed","ping_status":"closed","template":"","meta":{"footnotes":""},"class_list":["post-18","page","type-page","status-publish"],"_links":{"self":[{"href":"https:\/\/www.bd10.eu\/index.php?rest_route=\/wp\/v2\/pages\/18","targetHints":{"allow":["GET"]}}],"collection":[{"href":"https:\/\/www.bd10.eu\/index.php?rest_route=\/wp\/v2\/pages"}],"about":[{"href":"https:\/\/www.bd10.eu\/index.php?rest_route=\/wp\/v2\/types\/page"}],"author":[{"embeddable":true,"href":"https:\/\/www.bd10.eu\/index.php?rest_route=\/wp\/v2\/users\/1"}],"replies":[{"embeddable":true,"href":"https:\/\/www.bd10.eu\/index.php?rest_route=%2Fwp%2Fv2%2Fcomments&post=18"}],"version-history":[{"count":2,"href":"https:\/\/www.bd10.eu\/index.php?rest_route=\/wp\/v2\/pages\/18\/revisions"}],"predecessor-version":[{"id":40,"href":"https:\/\/www.bd10.eu\/index.php?rest_route=\/wp\/v2\/pages\/18\/revisions\/40"}],"wp:attachment":[{"href":"https:\/\/www.bd10.eu\/index.php?rest_route=%2Fwp%2Fv2%2Fmedia&parent=18"}],"curies":[{"name":"wp","href":"https:\/\/api.w.org\/{rel}","templated":true}]}}