{"id":11,"date":"2021-11-09T21:00:28","date_gmt":"2021-11-09T21:00:28","guid":{"rendered":"http:\/\/www.bd10.eu\/?page_id=11"},"modified":"2023-04-18T13:57:45","modified_gmt":"2023-04-18T13:57:45","slug":"soubory-ke-stazeni","status":"publish","type":"page","link":"https:\/\/www.bd10.eu\/?page_id=11","title":{"rendered":"Soubory ke sta\u017een\u00ed"},"content":{"rendered":"\n<p><strong>Stanovy dru\u017estva 2021<\/strong> <a rel=\"noreferrer noopener\" href=\"http:\/\/www.bd10.eu\/wp-content\/uploads\/2021\/11\/Stanovy-Dlouhy-lan-2021.pdf\" target=\"_blank\">PDF<\/a><\/p>\n\n\n\n<p><strong>Pozv\u00e1nka na sch\u016fzi dru\u017estva 19.4.2023<\/strong> <a href=\"http:\/\/www.bd10.eu\/wp-content\/uploads\/2023\/04\/Pozvanka-schuze-19.4.23.pdf\" target=\"_blank\" rel=\"noreferrer noopener\">PDF<\/a><\/p>\n\n\n\n<p>Pozv\u00e1nka na sch\u016fzi dru\u017estva 31.1.2023 <a rel=\"noreferrer noopener\" href=\"http:\/\/www.bd10.eu\/wp-content\/uploads\/2023\/01\/Pozvanka-schuze-31.1.23.pdf\" target=\"_blank\">PDF<\/a><\/p>\n\n\n\n<p>Z\u00e1pis ze sch\u016fze dru\u017estva 30.11.2021 <a href=\"http:\/\/www.bd10.eu\/wp-content\/uploads\/2023\/01\/Zapis-ze-schuze-druzstva-30.11.2021.pdf\" target=\"_blank\" rel=\"noreferrer noopener\">PDF<\/a><\/p>\n\n\n\n<p>Cenov\u00e1 nab\u00eddka venkovn\u00edho v\u00fdtahu spole\u010dnosti EcoLifts <a href=\"http:\/\/www.bd10.eu\/wp-content\/uploads\/2021\/11\/V1-33-0320-DUV-Na-Dlouhem-lanu-10.pdf\" target=\"_blank\" rel=\"noreferrer noopener\">PDF<\/a><\/p>\n\n\n\n<p>Studie zateplen\u00ed budovy <a href=\"http:\/\/www.bd10.eu\/wp-content\/uploads\/2021\/11\/Studie_zatepleni_BD_Na_Dlouhem_Lanu_10.pdf\" target=\"_blank\" rel=\"noreferrer noopener\">PDF<\/a><\/p>\n\n\n\n<p>Formul\u00e1\u0159 \u017e\u00e1dosti o podn\u00e1jem <a href=\"http:\/\/www.bd10.eu\/wp-content\/uploads\/2022\/02\/formular-zadost-o-podnajem-2022.pdf\" target=\"_blank\" rel=\"noreferrer noopener\">PDF<\/a><\/p>\n\n\n\n<p>Sazebn\u00edk \u00fakon\u016f <a href=\"http:\/\/www.bd10.eu\/wp-content\/uploads\/2022\/02\/sazebnik-ukonu.pdf\" target=\"_blank\" rel=\"noreferrer noopener\">PDF<\/a><\/p>\n\n\n\n<p><\/p>\n\n\n\n<p><\/p>\n","protected":false},"excerpt":{"rendered":"<p>Stanovy dru\u017estva 2021 PDF Pozv\u00e1nka na sch\u016fzi dru\u017estva 19.4.2023 PDF Pozv\u00e1nka na sch\u016fzi dru\u017estva 31.1.2023 PDF Z\u00e1pis ze sch\u016fze dru\u017estva 30.11.2021 PDF Cenov\u00e1 nab\u00eddka venkovn\u00edho v\u00fdtahu spole\u010dnosti EcoLifts PDF Studie zateplen\u00ed budovy PDF Formul\u00e1\u0159 \u017e\u00e1dosti o podn\u00e1jem PDF Sazebn\u00edk \u00fakon\u016f PDF<\/p>\n","protected":false},"author":1,"featured_media":0,"parent":0,"menu_order":0,"comment_status":"closed","ping_status":"closed","template":"","meta":{"footnotes":""},"class_list":["post-11","page","type-page","status-publish"],"_links":{"self":[{"href":"https:\/\/www.bd10.eu\/index.php?rest_route=\/wp\/v2\/pages\/11","targetHints":{"allow":["GET"]}}],"collection":[{"href":"https:\/\/www.bd10.eu\/index.php?rest_route=\/wp\/v2\/pages"}],"about":[{"href":"https:\/\/www.bd10.eu\/index.php?rest_route=\/wp\/v2\/types\/page"}],"author":[{"embeddable":true,"href":"https:\/\/www.bd10.eu\/index.php?rest_route=\/wp\/v2\/users\/1"}],"replies":[{"embeddable":true,"href":"https:\/\/www.bd10.eu\/index.php?rest_route=%2Fwp%2Fv2%2Fcomments&post=11"}],"version-history":[{"count":15,"href":"https:\/\/www.bd10.eu\/index.php?rest_route=\/wp\/v2\/pages\/11\/revisions"}],"predecessor-version":[{"id":99,"href":"https:\/\/www.bd10.eu\/index.php?rest_route=\/wp\/v2\/pages\/11\/revisions\/99"}],"wp:attachment":[{"href":"https:\/\/www.bd10.eu\/index.php?rest_route=%2Fwp%2Fv2%2Fmedia&parent=11"}],"curies":[{"name":"wp","href":"https:\/\/api.w.org\/{rel}","templated":true}]}}